{"id":1830,"date":"2019-01-03T09:53:58","date_gmt":"2019-01-03T08:53:58","guid":{"rendered":"https:\/\/www.anya-bestebner.at\/stimmcoaching\/?page_id=1830"},"modified":"2019-01-31T11:03:45","modified_gmt":"2019-01-31T10:03:45","slug":"angebot","status":"publish","type":"page","link":"https:\/\/www.anya-bestebner.at\/stimmcoaching\/angebot\/","title":{"rendered":"Angebot"},"content":{"rendered":"<section class=\"wpb-content-wrapper\"><p>[vc_row fullwidth=&#8221;has-fullwidth-column&#8221; padding_top=&#8221;10%&#8221; el_id=&#8221;seminare&#8221;][vc_column width=&#8221;1\/4&#8243; css=&#8221;.vc_custom_1480658745764{padding-top: 20px !important;padding-bottom: 20px !important;}&#8221;][\/vc_column][vc_column width=&#8221;1\/2&#8243;][vc_column_text animation=&#8221;1&#8243;]<\/p>\n<h1 style=\"text-align: center;\">Seminare<\/h1>\n<p>[\/vc_column_text][\/vc_column][vc_column width=&#8221;1\/4&#8243;][\/vc_column][\/vc_row][vc_row margin_top=&#8221;3%&#8221; el_class=&#8221;what&#8221;][vc_column width=&#8221;2\/12&#8243; css=&#8221;.vc_custom_1480658745764{padding-top: 20px !important;padding-bottom: 20px !important;}&#8221;][\/vc_column][vc_column width=&#8221;4\/12&#8243;][vc_column_text animation=&#8221;1&#8243; animation_style=&#8221;slideInUp&#8221;]<\/p>\n<h3 style=\"text-align: left;\"><strong>Meine Stimme,<br \/>\nmein Werkzeug.<\/strong><\/h3>\n<p>[\/vc_column_text][\/vc_column][vc_column width=&#8221;4\/12&#8243;][vc_column_text animation=&#8221;1&#8243; animation_style=&#8221;slideInUp&#8221;]<\/p>\n<h5 style=\"text-align: left;\">F\u00fcr alle, die sich auf ihre Stimme verlassen und\u00a0ihr stimmliches Potential weiterentwickeln wollen.<\/h5>\n<p>[\/vc_column_text][vc_empty_space height=&#8221;20px&#8221;][vc_column_text animation=&#8221;1&#8243; animation_style=&#8221;slideInUp&#8221;]<\/p>\n<p style=\"text-align: left;\">In diesem Seminar erlernen Sie Techniken, um Ihre Stimme aufzuw\u00e4rmen und sie zu st\u00e4rken. Damit Sie, mit einer klangvollen Stimme und Leichtigkeit im Sprechen, erfolgreich Beruf und Alltag meistern.<\/p>\n<p>[\/vc_column_text][\/vc_column][vc_column width=&#8221;2\/12&#8243;][\/vc_column][\/vc_row][vc_row fullwidth=&#8221;has-fullwidth-column&#8221; padding_top=&#8221;2%&#8221; padding_bottom=&#8221;5%&#8221;][vc_column width=&#8221;1\/4&#8243; css=&#8221;.vc_custom_1480658745764{padding-top: 20px !important;padding-bottom: 20px !important;}&#8221;][\/vc_column][vc_column width=&#8221;1\/2&#8243;]<div class=\" agni-button  text-center page-scroll\"><a class=\"btn btn-alt btn-sm btn-primary\" target=\"_self\" href=\"mailto:stimme@anya-bestebner.at\" style=\"border-radius:50px;\" ><div class=\"animate\" data-animation=\"fadeInUp\" data-animation-offset=\"95%\" style=\"animation-duration: 0.8s; \tanimation-delay: 0.4s; \t-moz-animation-duration: 0.8s; \t-moz-animation-delay: 0.4s; \t-webkit-animation-duration: 0.8s; \t-webkit-animation-delay: 0.4s;\">Jetzt anfragen<\/div><\/a><\/div>[\/vc_column][vc_column width=&#8221;1\/4&#8243;][\/vc_column][\/vc_row][vc_row margin_top=&#8221;3%&#8221; el_class=&#8221;what&#8221;][vc_column width=&#8221;2\/12&#8243; css=&#8221;.vc_custom_1480658745764{padding-top: 20px !important;padding-bottom: 20px !important;}&#8221;][\/vc_column][vc_column width=&#8221;4\/12&#8243;][vc_column_text animation=&#8221;1&#8243; animation_style=&#8221;slideInUp&#8221;]<\/p>\n<h3 style=\"text-align: left;\"><strong>Die Stimme<br \/>\nzum Erfolg.<\/strong><\/h3>\n<p>[\/vc_column_text][\/vc_column][vc_column width=&#8221;4\/12&#8243;][vc_column_text animation=&#8221;1&#8243; animation_style=&#8221;slideInUp&#8221;]<\/p>\n<h5 style=\"text-align: left;\">F\u00fcr jene, die nicht nur ihre Zuh\u00f6rerInnen,\u00a0sondern auch Ihr Ziel erreichen wollen.<\/h5>\n<p>[\/vc_column_text][vc_empty_space height=&#8221;20px&#8221;][vc_column_text animation=&#8221;1&#8243; animation_style=&#8221;slideInUp&#8221;]<\/p>\n<p style=\"text-align: left;\">In diesem Seminar erlernen Sie den effektiven Einsatz Ihrer Stimme. Egal ob F\u00fchrungskraft, VortragsrednerIn oder ReferentIn \u2013 durch stimmliche \u00dcberzeugungskraft k\u00f6nnen Sie Ihre Kompetenz unterstreichen und Ihre Karriere antreiben. Sie lernen Techniken, um Ihre Stimme aufzuw\u00e4rmen und sie zu st\u00e4rken. Damit Sie Ihre Stimme bewusst einsetzen k\u00f6nnen, sowohl bei Reden als auch bei Vortr\u00e4gen, auch vor gro\u00dfem Publikum.<\/p>\n<p>[\/vc_column_text][\/vc_column][vc_column width=&#8221;2\/12&#8243;][\/vc_column][\/vc_row][vc_row fullwidth=&#8221;has-fullwidth-column&#8221; padding_top=&#8221;2%&#8221; padding_bottom=&#8221;5%&#8221;][vc_column width=&#8221;1\/4&#8243; css=&#8221;.vc_custom_1480658745764{padding-top: 20px !important;padding-bottom: 20px !important;}&#8221;][\/vc_column][vc_column width=&#8221;1\/2&#8243;]<div class=\" agni-button  text-center page-scroll\"><a class=\"btn btn-alt btn-sm btn-primary\" target=\"_self\" href=\"mailto:stimme@anya-bestebner.at\" style=\"border-radius:50px;\" ><div class=\"animate\" data-animation=\"fadeInUp\" data-animation-offset=\"95%\" style=\"animation-duration: 0.8s; \tanimation-delay: 0.4s; \t-moz-animation-duration: 0.8s; \t-moz-animation-delay: 0.4s; \t-webkit-animation-duration: 0.8s; \t-webkit-animation-delay: 0.4s;\">Jetzt anfragen<\/div><\/a><\/div>[\/vc_column][vc_column width=&#8221;1\/4&#8243;][\/vc_column][\/vc_row][vc_row fullwidth=&#8221;has-fullwidth-column&#8221; margin_top=&#8221;3%&#8221; margin_bottom=&#8221;3%&#8221; el_id=&#8221;inhouse&#8221;][vc_column width=&#8221;1\/4&#8243; css=&#8221;.vc_custom_1480658745764{padding-top: 20px !important;padding-bottom: 20px !important;}&#8221;][\/vc_column][vc_column width=&#8221;1\/2&#8243;][vc_column_text animation=&#8221;1&#8243;]<\/p>\n<h1 style=\"text-align: center;\">In-House-Seminare<\/h1>\n<p>[\/vc_column_text][\/vc_column][vc_column width=&#8221;1\/4&#8243;][\/vc_column][\/vc_row][vc_row margin_top=&#8221;3%&#8221; margin_bottom=&#8221;10%&#8221; el_class=&#8221;what&#8221;][vc_column width=&#8221;1\/6&#8243; css=&#8221;.vc_custom_1480658745764{padding-top: 20px !important;padding-bottom: 20px !important;}&#8221;][\/vc_column][vc_column width=&#8221;2\/3&#8243;][vc_column_text animation=&#8221;1&#8243; animation_style=&#8221;slideInUp&#8221;]<\/p>\n<p style=\"text-align: center;\">Ihre Mitarbeiter sind das Potential Ihres Unternehmens. Sie wissen um die Wichtigkeit und den Erfolg des ersten Eindrucks, die stimmliche Visitenkarte. Positionieren Sie Ihr Unternehmen besser nach Au\u00dfen durch effizientes Stimmtraining ihrer Mitarbeiter.<\/p>\n<p>[\/vc_column_text][vc_empty_space height=&#8221;20px&#8221;]<div class=\" agni-button  text-center page-scroll\"><a class=\"btn btn-alt btn-sm btn-primary\" target=\"_self\" href=\"mailto:stimme@anya-bestebner.at\" style=\"border-radius:50px;\" ><div class=\"animate\" data-animation=\"fadeInUp\" data-animation-offset=\"95%\" style=\"animation-duration: 0.8s; \tanimation-delay: 0.4s; \t-moz-animation-duration: 0.8s; \t-moz-animation-delay: 0.4s; \t-webkit-animation-duration: 0.8s; \t-webkit-animation-delay: 0.4s;\">Jetzt anfragen<\/div><\/a><\/div>[\/vc_column][vc_column width=&#8221;1\/6&#8243;][\/vc_column][\/vc_row][vc_row fullwidth=&#8221;has-fullwidth-column&#8221; margin_top=&#8221;3%&#8221; margin_bottom=&#8221;3%&#8221; el_id=&#8221;einzelcoaching&#8221;][vc_column width=&#8221;1\/4&#8243; css=&#8221;.vc_custom_1480658745764{padding-top: 20px !important;padding-bottom: 20px !important;}&#8221;][\/vc_column][vc_column width=&#8221;1\/2&#8243;][vc_column_text animation=&#8221;1&#8243;]<\/p>\n<h1 style=\"text-align: center;\">Einzelcoaching<\/h1>\n<p>[\/vc_column_text][\/vc_column][vc_column width=&#8221;1\/4&#8243;][\/vc_column][\/vc_row][vc_row margin_top=&#8221;3%&#8221; margin_bottom=&#8221;10%&#8221; el_class=&#8221;what&#8221;][vc_column width=&#8221;1\/6&#8243; css=&#8221;.vc_custom_1480658745764{padding-top: 20px !important;padding-bottom: 20px !important;}&#8221;][\/vc_column][vc_column width=&#8221;2\/3&#8243;][vc_column_text animation=&#8221;1&#8243; animation_style=&#8221;slideInUp&#8221;]<\/p>\n<p style=\"text-align: center;\">In einem Einzelcoaching gehe ich ganz gezielt auf Ihre W\u00fcnsche und Ihre Ziele ein. Wir finden ihr individuelles Potenzial Ihrer Stimme und erarbeiten einen eigens auf Sie abgestimmten Trainingsplan.<\/p>\n<p>[\/vc_column_text][vc_empty_space height=&#8221;20px&#8221;]<div class=\" agni-button  text-center page-scroll\"><a class=\"btn btn-alt btn-sm btn-primary\" target=\"_self\" href=\"mailto:stimme@anya-bestebner.at\" style=\"border-radius:50px;\" ><div class=\"animate\" data-animation=\"fadeInUp\" data-animation-offset=\"95%\" style=\"animation-duration: 0.8s; \tanimation-delay: 0.4s; \t-moz-animation-duration: 0.8s; \t-moz-animation-delay: 0.4s; \t-webkit-animation-duration: 0.8s; \t-webkit-animation-delay: 0.4s;\">Jetzt anfragen<\/div><\/a><\/div>[\/vc_column][vc_column width=&#8221;1\/6&#8243;][\/vc_column][\/vc_row][vc_row fullwidth=&#8221;has-fullwidth-column-no-padding&#8221; bg_color=&#8221;#c5ccd1&#8243; padding_top=&#8221;12%&#8221; padding_right=&#8221;3%&#8221; padding_bottom=&#8221;12%&#8221; padding_left=&#8221;3%&#8221;][vc_column width=&#8221;1\/6&#8243;][\/vc_column][vc_column width=&#8221;2\/3&#8243;][vc_column_text animation=&#8221;1&#8243; animation_duration=&#8221;1.2&#8243; el_class=&#8221;zitat&#8221;]<\/p>\n<p class=\"zitat\" style=\"text-align: center;\"><span style=\"color: #ffffff;\"><span class=\"ab-quote\">\u201e<\/span>Auf die eigene Stimme h\u00f6ren.<span class=\"ab-quote\">\u201d<\/span><\/span><\/p>\n<p>[\/vc_column_text][vc_empty_space height=&#8221;40px&#8221; height_mobile=&#8221;20px&#8221;]<div class=\" agni-button  text-center page-scroll\"><a class=\"btn btn-alt btn-lg btn-primary\" target=\"_self\" href=\"\/stimmcoaching\/ueber-mich\/\" style=\"border-radius:50px;\" ><div class=\"animate\" data-animation=\"fadeInUp\" data-animation-offset=\"95%\" style=\"animation-duration: 0.8s; \tanimation-delay: 0.4s; \t-moz-animation-duration: 0.8s; \t-moz-animation-delay: 0.4s; \t-webkit-animation-duration: 0.8s; \t-webkit-animation-delay: 0.4s;\">Mehr \u00fcber mich<\/div><\/a><\/div>[\/vc_column][vc_column width=&#8221;1\/6&#8243;][\/vc_column][\/vc_row]<\/p>\n<\/section>","protected":false},"excerpt":{"rendered":"<p>[vc_row fullwidth=&#8221;has-fullwidth-column&#8221; padding_top=&#8221;10%&#8221; el_id=&#8221;seminare&#8221;][vc_column width=&#8221;1\/4&#8243; css=&#8221;.vc_custom_1480658745764{padding-top: 20px !important;padding-bottom: 20px !important;}&#8221;][\/vc_column][vc_column width=&#8221;1\/2&#8243;][vc_column_text animation=&#8221;1&#8243;] Seminare [\/vc_column_text][\/vc_column][vc_column width=&#8221;1\/4&#8243;][\/vc_column][\/vc_row][vc_row margin_top=&#8221;3%&#8221; el_class=&#8221;what&#8221;][vc_column width=&#8221;2\/12&#8243; css=&#8221;.vc_custom_1480658745764{padding-top: 20px !important;padding-bottom: 20px !important;}&#8221;][\/vc_column][vc_column width=&#8221;4\/12&#8243;][vc_column_text animation=&#8221;1&#8243; animation_style=&#8221;slideInUp&#8221;] Meine Stimme, mein Werkzeug. [\/vc_column_text][\/vc_column][vc_column width=&#8221;4\/12&#8243;][vc_column_text animation=&#8221;1&#8243; animation_style=&#8221;slideInUp&#8221;] F\u00fcr alle, die sich auf ihre Stimme verlassen und\u00a0ihr stimmliches Potential weiterentwickeln wollen. [\/vc_column_text][vc_empty_space height=&#8221;20px&#8221;][vc_column_text animation=&#8221;1&#8243; animation_style=&#8221;slideInUp&#8221;] In diesem Seminar erlernen [&hellip;]<\/p>\n","protected":false},"author":1,"featured_media":0,"parent":0,"menu_order":0,"comment_status":"closed","ping_status":"closed","template":"","meta":{"inline_featured_image":false,"footnotes":""},"_links":{"self":[{"href":"https:\/\/www.anya-bestebner.at\/stimmcoaching\/wp-json\/wp\/v2\/pages\/1830"}],"collection":[{"href":"https:\/\/www.anya-bestebner.at\/stimmcoaching\/wp-json\/wp\/v2\/pages"}],"about":[{"href":"https:\/\/www.anya-bestebner.at\/stimmcoaching\/wp-json\/wp\/v2\/types\/page"}],"author":[{"embeddable":true,"href":"https:\/\/www.anya-bestebner.at\/stimmcoaching\/wp-json\/wp\/v2\/users\/1"}],"replies":[{"embeddable":true,"href":"https:\/\/www.anya-bestebner.at\/stimmcoaching\/wp-json\/wp\/v2\/comments?post=1830"}],"version-history":[{"count":18,"href":"https:\/\/www.anya-bestebner.at\/stimmcoaching\/wp-json\/wp\/v2\/pages\/1830\/revisions"}],"predecessor-version":[{"id":1909,"href":"https:\/\/www.anya-bestebner.at\/stimmcoaching\/wp-json\/wp\/v2\/pages\/1830\/revisions\/1909"}],"wp:attachment":[{"href":"https:\/\/www.anya-bestebner.at\/stimmcoaching\/wp-json\/wp\/v2\/media?parent=1830"}],"curies":[{"name":"wp","href":"https:\/\/api.w.org\/{rel}","templated":true}]}}