{"id":1788,"date":"2019-01-02T22:14:33","date_gmt":"2019-01-02T21:14:33","guid":{"rendered":"https:\/\/www.anya-bestebner.at\/stimmcoaching\/?page_id=1788"},"modified":"2019-01-31T11:05:34","modified_gmt":"2019-01-31T10:05:34","slug":"ueber-mich","status":"publish","type":"page","link":"https:\/\/www.anya-bestebner.at\/stimmcoaching\/ueber-mich\/","title":{"rendered":"\u00dcber mich"},"content":{"rendered":"<section class=\"wpb-content-wrapper\"><p>[vc_row fullwidth=&#8221;has-fullwidth-column&#8221; padding_top=&#8221;10%&#8221; padding_bottom=&#8221;4%&#8221; el_id=&#8221;ueber-mich&#8221;][vc_column width=&#8221;1\/4&#8243; css=&#8221;.vc_custom_1480658745764{padding-top: 20px !important;padding-bottom: 20px !important;}&#8221;][\/vc_column][vc_column width=&#8221;1\/2&#8243;][vc_column_text]<\/p>\n<h1 style=\"text-align: center;\">\u00dcber mich<\/h1>\n<p>[\/vc_column_text][\/vc_column][vc_column width=&#8221;1\/4&#8243;][\/vc_column][\/vc_row][vc_row padding_bottom=&#8221;5%&#8221; el_class=&#8221;what&#8221;][vc_column css=&#8221;.vc_custom_1480658745764{padding-top: 20px !important;padding-bottom: 20px !important;}&#8221;]<div class=\"bild-abstand-mobile agni-image custom-image-container text-left\"><div class=\"animate\" data-animation=\"fadeIn\" data-animation-offset=\"95%\" style=\"animation-duration: 0.8s;     animation-delay: 0.4s;     -moz-animation-duration: 0.8s;  -moz-animation-delay: 0.4s;    -webkit-animation-duration: 0.8s;   -webkit-animation-delay: 0.4s; \"><div class=\"image-has-parallax\" data-bottom-top=\"transform:translateY(50px);\" data-top-bottom=\"transform:translateY(-50px);\">\r\n\t\t\t<figure class=\"agni-image-figure\">\r\n\t\t\t\t<img loading=\"lazy\" decoding=\"async\" style=\"\" width=\"6016\" height=\"4016\" src=\"https:\/\/www.anya-bestebner.at\/stimmcoaching\/wp-content\/uploads\/2019\/01\/anya-bestebner-fabian-sackl-sw-26.jpg\" class=\"fullwidth-image attachment-full  attachment-full\" alt=\"\" title=\"anya-bestebner-fabian-sackl-sw-26\" srcset=\"https:\/\/www.anya-bestebner.at\/stimmcoaching\/wp-content\/uploads\/2019\/01\/anya-bestebner-fabian-sackl-sw-26.jpg 6016w, https:\/\/www.anya-bestebner.at\/stimmcoaching\/wp-content\/uploads\/2019\/01\/anya-bestebner-fabian-sackl-sw-26-300x200.jpg 300w, https:\/\/www.anya-bestebner.at\/stimmcoaching\/wp-content\/uploads\/2019\/01\/anya-bestebner-fabian-sackl-sw-26-768x513.jpg 768w, https:\/\/www.anya-bestebner.at\/stimmcoaching\/wp-content\/uploads\/2019\/01\/anya-bestebner-fabian-sackl-sw-26-1024x684.jpg 1024w, https:\/\/www.anya-bestebner.at\/stimmcoaching\/wp-content\/uploads\/2019\/01\/anya-bestebner-fabian-sackl-sw-26-960x641.jpg 960w\" sizes=\"(max-width: 6016px) 100vw, 6016px\" \/>\r\n\t\t\t\t<figcaption class=\"vc_figure-caption\"><\/figcaption>\r\n\t\t\t<\/figure>\r\n\t\t<\/div><\/div><\/div>[\/vc_column][\/vc_row][vc_row el_class=&#8221;what&#8221;][vc_column width=&#8221;1\/6&#8243; css=&#8221;.vc_custom_1480658745764{padding-top: 20px !important;padding-bottom: 20px !important;}&#8221;][\/vc_column][vc_column width=&#8221;2\/3&#8243;][vc_column_text animation=&#8221;1&#8243; animation_style=&#8221;slideInUp&#8221;]<\/p>\n<p style=\"text-align: left;\">Nach meiner dreij\u00e4hrigen Ausbildung zur Diplom-Logop\u00e4din am AKH Wien, war ich von 2004 bis 2006 f\u00fcr das LKH Mistelbach (N\u00d6) t\u00e4tig.<\/p>\n<p style=\"text-align: left;\">Seit 2006 arbeite ich nunmehr auf selbstst\u00e4ndiger Basis in K\u00e4rnten. In meiner Praxis arbeite ich mit Kindern, die Schwierigkeiten im Sprach- und Sprecherwerb aufweisen, ebenso mit Erwachsenen mit Stimmst\u00f6rungen und neurologischen Erkrankungen.<\/p>\n<p style=\"text-align: left;\">Aufgrund meiner fundierten, medizinischen Ausbildung im Bereich der Stimme bzw. diesbez\u00fcglich laufenden Weiterbildungen biete ich weiters Seminare f\u00fcr Unternehmen und Einzelpersonen im Bereich Stimmcoaching an.<\/p>\n<p>[\/vc_column_text][\/vc_column][vc_column width=&#8221;1\/6&#8243;][\/vc_column][\/vc_row][vc_row fullwidth=&#8221;has-fullwidth-column&#8221; padding_top=&#8221;10%&#8221; padding_bottom=&#8221;4%&#8221;][vc_column width=&#8221;1\/4&#8243; css=&#8221;.vc_custom_1480658745764{padding-top: 20px !important;padding-bottom: 20px !important;}&#8221;][\/vc_column][vc_column width=&#8221;1\/2&#8243;][vc_column_text]<\/p>\n<h1 style=\"text-align: center;\">Fortbildungen<\/h1>\n<p>[\/vc_column_text][\/vc_column][vc_column width=&#8221;1\/4&#8243;][\/vc_column][\/vc_row][vc_row padding_bottom=&#8221;5%&#8221; el_class=&#8221;what&#8221;][vc_column width=&#8221;1\/6&#8243; css=&#8221;.vc_custom_1480658745764{padding-top: 20px !important;padding-bottom: 20px !important;}&#8221;][\/vc_column][vc_column width=&#8221;2\/3&#8243;][vc_column_text animation=&#8221;1&#8243; animation_style=&#8221;slideInUp&#8221;]<\/p>\n<p style=\"text-align: left;\">Im Sinne meiner Patienten und Patientinnen ist es meine Pflicht, mich regelm\u00e4\u00dfig fortzubilden, um meinen Beruf bestm\u00f6glichst aus\u00fcben zu k\u00f6nnen.\u00a0Durch besuchte Kurse bin ich am neuesten Wissensstand,\u00a0um beste therapeutische Qualit\u00e4t gew\u00e4hrleisten zu k\u00f6nnen.\u00a0Nur durch konsequente\u00a0<strong>Fort- und Weiterbildung<\/strong>\u00a0kann eine h\u00f6chstm\u00f6gliche Behandlungsqualit\u00e4t gew\u00e4hrleistet werden. Das\u00a0 Fortbildungszertifikat von\u00a0<strong>logop\u00e4die<\/strong>austria\u00a0best\u00e4tigt\u00a0das hohe Ma\u00df an Fach-, Methoden-, Sozial- und Selbstkompetenz.<\/p>\n<p>[\/vc_column_text][\/vc_column][vc_column width=&#8221;1\/6&#8243;][\/vc_column][\/vc_row]<\/p>\n<\/section>","protected":false},"excerpt":{"rendered":"<p>[vc_row fullwidth=&#8221;has-fullwidth-column&#8221; padding_top=&#8221;10%&#8221; padding_bottom=&#8221;4%&#8221; el_id=&#8221;ueber-mich&#8221;][vc_column width=&#8221;1\/4&#8243; css=&#8221;.vc_custom_1480658745764{padding-top: 20px !important;padding-bottom: 20px !important;}&#8221;][\/vc_column][vc_column width=&#8221;1\/2&#8243;][vc_column_text] \u00dcber mich [\/vc_column_text][\/vc_column][vc_column width=&#8221;1\/4&#8243;][\/vc_column][\/vc_row][vc_row padding_bottom=&#8221;5%&#8221; el_class=&#8221;what&#8221;][vc_column css=&#8221;.vc_custom_1480658745764{padding-top: 20px !important;padding-bottom: 20px !important;}&#8221;][\/vc_column][\/vc_row][vc_row el_class=&#8221;what&#8221;][vc_column width=&#8221;1\/6&#8243; css=&#8221;.vc_custom_1480658745764{padding-top: 20px !important;padding-bottom: 20px !important;}&#8221;][\/vc_column][vc_column width=&#8221;2\/3&#8243;][vc_column_text animation=&#8221;1&#8243; animation_style=&#8221;slideInUp&#8221;] Nach meiner dreij\u00e4hrigen Ausbildung zur Diplom-Logop\u00e4din am AKH Wien, war ich von 2004 bis 2006 f\u00fcr das LKH Mistelbach (N\u00d6) t\u00e4tig. Seit [&hellip;]<\/p>\n","protected":false},"author":1,"featured_media":0,"parent":0,"menu_order":0,"comment_status":"closed","ping_status":"closed","template":"","meta":{"inline_featured_image":false,"footnotes":""},"_links":{"self":[{"href":"https:\/\/www.anya-bestebner.at\/stimmcoaching\/wp-json\/wp\/v2\/pages\/1788"}],"collection":[{"href":"https:\/\/www.anya-bestebner.at\/stimmcoaching\/wp-json\/wp\/v2\/pages"}],"about":[{"href":"https:\/\/www.anya-bestebner.at\/stimmcoaching\/wp-json\/wp\/v2\/types\/page"}],"author":[{"embeddable":true,"href":"https:\/\/www.anya-bestebner.at\/stimmcoaching\/wp-json\/wp\/v2\/users\/1"}],"replies":[{"embeddable":true,"href":"https:\/\/www.anya-bestebner.at\/stimmcoaching\/wp-json\/wp\/v2\/comments?post=1788"}],"version-history":[{"count":8,"href":"https:\/\/www.anya-bestebner.at\/stimmcoaching\/wp-json\/wp\/v2\/pages\/1788\/revisions"}],"predecessor-version":[{"id":1910,"href":"https:\/\/www.anya-bestebner.at\/stimmcoaching\/wp-json\/wp\/v2\/pages\/1788\/revisions\/1910"}],"wp:attachment":[{"href":"https:\/\/www.anya-bestebner.at\/stimmcoaching\/wp-json\/wp\/v2\/media?parent=1788"}],"curies":[{"name":"wp","href":"https:\/\/api.w.org\/{rel}","templated":true}]}}