{"id":1647,"date":"2018-12-30T14:01:05","date_gmt":"2018-12-30T13:01:05","guid":{"rendered":"https:\/\/www.anya-bestebner.at\/stimmcoaching\/?page_id=1647"},"modified":"2021-03-08T20:42:40","modified_gmt":"2021-03-08T19:42:40","slug":"impressum","status":"publish","type":"page","link":"https:\/\/www.anya-bestebner.at\/stimmcoaching\/impressum\/","title":{"rendered":"Impressum"},"content":{"rendered":"<section class=\"wpb-content-wrapper\"><p>[vc_row margin_top=&#8221;5%&#8221;][vc_column width=&#8221;1\/4&#8243;][vc_column_text]<\/p>\n<h2>Impressum<\/h2>\n<p>[\/vc_column_text][\/vc_column][vc_column width=&#8221;3\/4&#8243;][vc_empty_space height=&#8221;20px&#8221; height_mobile=&#8221;0&#8243;][vc_column_text]<strong>VERANTWORTLICH F\u00dcR DEN INHALT:<br \/>\n<\/strong>Logop\u00e4dische Praxis<br \/>\nAnya Bestebner<br \/>\nTirolerstra\u00dfe 18<br \/>\nA \u2013 9800 Spittal\/Drau<br \/>\nTel: \u202d+43 664 1005348<br \/>\nEmail: <a href=\"mailto:stimme@anya-bestebner.at\">stimme@anya-bestebner.at<\/a><\/p>\n<p><strong>1. Haftungsausschluss<br \/>\n<\/strong>Die hier angebotenen Inhalte dienen der allgemeinen Information. F\u00fcr die Richtigkeit, Aktualit\u00e4t, Vollst\u00e4ndigkeit und Verf\u00fcgbarkeit der gebotenen Informationen\/Services \u00fcbernehmen wir keine Gew\u00e4hrleistung\/Haftung. Sie k\u00f6nnen keine umfassende rechtliche Beratung ersetzen. Wenn Sie eine besondere Beratung ben\u00f6tigen, wenden Sie sich bitte an eine Expertin bzw. einen Experten. Verweise zu anderen Internetangeboten, wurden sorgf\u00e4ltig ausgew\u00e4hlt. Deren Inhalt, Richtigkeit, Aktualit\u00e4t, Vollst\u00e4ndigkeit und Verf\u00fcgbarkeit liegt aber nicht in unserem Einflussbereich. Wir \u00fcbernehmen keine Gew\u00e4hrleistung\/Haftung f\u00fcr downloadbare Formulare, insbesondere nicht f\u00fcr deren Aktualit\u00e4t, Eignung f\u00fcr einen bestimmten Zweck und Virenfreiheit. Wir behalten uns das Recht vor, jederzeit und ohne Vorank\u00fcndigung hier angebotene Informationen\/Services zu \u00e4ndern, erg\u00e4nzen, l\u00f6schen oder den Internetauftritt g\u00e4nzlich oder vor\u00fcbergehend einzustellen. Wir bem\u00fchen uns, Probleme beim Abruf der Informationen\/Services aufgrund von St\u00f6rungen oder Inkompatibilit\u00e4ten so gering wie m\u00f6glich zu halten. Es ist allerdings nicht ausgeschlossen, dass Daten und Angaben auf unserer Website nicht oder fehlerhaft angezeigt werden. Wir \u00fcbernehmen keine Haftung, dass unser Dienst nicht unterbrochen oder anderweitig durch St\u00f6rungen beeintr\u00e4chtigt wird.<\/p>\n<p><strong>2. Geistiges Eigentum<br \/>\n<\/strong>S\u00e4mtliche Inhalte, das Layout sowie allf\u00e4llige Ton- und Videosequenzen sind urheberrechtlich gesch\u00fctzt. Alle Rechte daran bleiben der Rechteinhaberin bzw. dem Rechteinhaber vorbehalten. \u00c4nderungen d\u00fcrfen nicht vorgenommen werden. Eine \u00f6ffentliche Verwendung der Informationen\/Services darf nur mit unserer Zustimmung und unter Nennung sowie Ersichtlichmachung der Quelle erfolgen. Das blo\u00dfe Verlinken auf unsere Inhalte unter gleichzeitigem Quellhinweis steht jedermann frei und bedarf keiner besonderen Genehmigung.<\/p>\n<p><strong>3. Schlussbestimmungen<br \/>\n<\/strong>Auf die Nutzung der Informationen\/Services findet ausschlie\u00dflich \u00f6sterreichisches Recht Anwendung. Sofern Teile oder einzelne Formulierungen dieses Textes der geltenden Rechtslage nicht, nicht mehr oder nicht vollst\u00e4ndig entsprechen sollten, bleiben die \u00fcbrigen Teile in ihrem Inhalt und ihrer G\u00fcltigkeit davon unber\u00fchrt. Anstelle einer unwirksamen Bestimmung oder zum Auff\u00fcllen einer L\u00fccke kommt eine angemessene, rechtliche zul\u00e4ssige Regelung zur Anwendung, die dem am n\u00e4chsten kommt, was nach Sinn und Zweck dieser Nutzungsbedingungen bei Kenntnis der Teilnichtigkeit oder L\u00fccke gewollt gewesen w\u00e4re.<\/p>\n<p><strong>4. Google Analytics<br \/>\n<\/strong>Diese Website benutzt Google Analytics, einen Webanalysedienst der Google Inc. (\u201eGoogle\u201c) Google Analytics verwendet sog. \u201eCookies\u201c, Textdateien, die auf Ihrem Computer gespeichert werden und die eine Analyse der Benutzung der Website durch Sie erm\u00f6glicht. Die durch den Cookie erzeugten Informationen \u00fcber Ihre Benutzung dieser Website (einschlie\u00dflich Ihrer IP-Adresse) wird an einen Server von Google in den USA \u00fcbertragen und dort gespeichert. Google wird diese Informationen benutzen, um Ihre Nutzung der Website auszuwerten, um Reports \u00fcber die Websiteaktivit\u00e4ten f\u00fcr die Websitebetreiber zusammenzustellen und um weitere mit der Websitenutzung und der Internetnutzung verbundene Dienstleistungen zu erbringen. Auch wird Google diese Informationen gegebenenfalls an Dritte \u00fcbertragen, sofern dies gesetzlich vorgeschrieben oder soweit Dritte diese Daten im Auftrag von Google verarbeiten. Google wird in keinem Fall Ihre IP-Adresse mit anderen Daten der Google in Verbindung bringen. Sie k\u00f6nnen die Installation der Cookies durch eine entsprechende Einstellung Ihrer Browser Software verhindern; wir weisen Sie jedoch darauf hin, dass Sie in diesem Fall gegebenenfalls nicht s\u00e4mtliche Funktionen dieser Website voll umf\u00e4nglich nutzen k\u00f6nnen. Durch die Nutzung dieser Website erkl\u00e4ren Sie sich mit der Bearbeitung der \u00fcber Sie erhobenen Daten durch Google in der zuvor beschriebenen Art und Weise und zu dem zuvor benannten Zweck einverstanden.<\/p>\n<p><strong>5. Design und Umsetzung:<br \/>\n<\/strong>Fabian Sackl, Hanna Waldbauer<br \/>\n<a href=\"http:\/\/www.clubnord.at\" target=\"_blank\" rel=\"noopener\">www.clubnord.at<\/a>[\/vc_column_text][\/vc_column][\/vc_row]<\/p>\n<\/section>","protected":false},"excerpt":{"rendered":"<p>[vc_row margin_top=&#8221;5%&#8221;][vc_column width=&#8221;1\/4&#8243;][vc_column_text] Impressum [\/vc_column_text][\/vc_column][vc_column width=&#8221;3\/4&#8243;][vc_empty_space height=&#8221;20px&#8221; height_mobile=&#8221;0&#8243;][vc_column_text]VERANTWORTLICH F\u00dcR DEN INHALT: Logop\u00e4dische Praxis Anya Bestebner Tirolerstra\u00dfe 18 A \u2013 9800 Spittal\/Drau Tel: \u202d+43 664 1005348 Email: stimme@anya-bestebner.at 1. Haftungsausschluss Die hier angebotenen Inhalte dienen der allgemeinen Information. F\u00fcr die Richtigkeit, Aktualit\u00e4t, Vollst\u00e4ndigkeit und Verf\u00fcgbarkeit der gebotenen Informationen\/Services \u00fcbernehmen wir keine Gew\u00e4hrleistung\/Haftung. Sie k\u00f6nnen keine umfassende [&hellip;]<\/p>\n","protected":false},"author":1,"featured_media":0,"parent":0,"menu_order":0,"comment_status":"closed","ping_status":"closed","template":"","meta":{"inline_featured_image":false,"footnotes":""},"_links":{"self":[{"href":"https:\/\/www.anya-bestebner.at\/stimmcoaching\/wp-json\/wp\/v2\/pages\/1647"}],"collection":[{"href":"https:\/\/www.anya-bestebner.at\/stimmcoaching\/wp-json\/wp\/v2\/pages"}],"about":[{"href":"https:\/\/www.anya-bestebner.at\/stimmcoaching\/wp-json\/wp\/v2\/types\/page"}],"author":[{"embeddable":true,"href":"https:\/\/www.anya-bestebner.at\/stimmcoaching\/wp-json\/wp\/v2\/users\/1"}],"replies":[{"embeddable":true,"href":"https:\/\/www.anya-bestebner.at\/stimmcoaching\/wp-json\/wp\/v2\/comments?post=1647"}],"version-history":[{"count":4,"href":"https:\/\/www.anya-bestebner.at\/stimmcoaching\/wp-json\/wp\/v2\/pages\/1647\/revisions"}],"predecessor-version":[{"id":1921,"href":"https:\/\/www.anya-bestebner.at\/stimmcoaching\/wp-json\/wp\/v2\/pages\/1647\/revisions\/1921"}],"wp:attachment":[{"href":"https:\/\/www.anya-bestebner.at\/stimmcoaching\/wp-json\/wp\/v2\/media?parent=1647"}],"curies":[{"name":"wp","href":"https:\/\/api.w.org\/{rel}","templated":true}]}}