{"id":1369,"date":"2018-12-30T15:47:58","date_gmt":"2018-12-30T14:47:58","guid":{"rendered":"http:\/\/demo.agnidesigns.com\/fortune\/demo17\/?page_id=4"},"modified":"2019-01-26T17:03:34","modified_gmt":"2019-01-26T16:03:34","slug":"home","status":"publish","type":"page","link":"https:\/\/www.anya-bestebner.at\/stimmcoaching\/","title":{"rendered":"Home"},"content":{"rendered":"<section class=\"wpb-content-wrapper\"><p>[vc_row fullwidth=&#8221;has-fullwidth-column&#8221; padding_top=&#8221;10%&#8221; padding_bottom=&#8221;4%&#8221; el_id=&#8221;wieso&#8221;][vc_column width=&#8221;1\/4&#8243; css=&#8221;.vc_custom_1480658745764{padding-top: 20px !important;padding-bottom: 20px !important;}&#8221;][\/vc_column][vc_column width=&#8221;1\/2&#8243;][vc_column_text animation=&#8221;1&#8243;]<\/p>\n<h1 style=\"text-align: center;\">Wieso Stimmcoaching?<\/h1>\n<p>[\/vc_column_text][\/vc_column][vc_column width=&#8221;1\/4&#8243;][\/vc_column][\/vc_row][vc_row margin_top=&#8221;3%&#8221; margin_bottom=&#8221;10%&#8221; el_class=&#8221;what&#8221;][vc_column width=&#8221;1\/6&#8243; css=&#8221;.vc_custom_1480658745764{padding-top: 20px !important;padding-bottom: 20px !important;}&#8221;][\/vc_column][vc_column width=&#8221;2\/3&#8243;][vc_column_text animation=&#8221;1&#8243; animation_style=&#8221;slideInUp&#8221;]<\/p>\n<p style=\"text-align: center;\">Eine Visitenkarte, die geh\u00f6rt wird.<br \/>\nMit Leichtigkeit sprechen, im Alltag und auf der B\u00fchne.<br \/>\nStimmliche Kompetenz nutzen, um fachliche zu unterstreichen.<br \/>\nVoller Klang und Resonanz, Begeisterung und Wirkung erzielen.<br \/>\nIm Gespr\u00e4ch bleiben, auch nach dem Gespr\u00e4ch.<\/p>\n<p>[\/vc_column_text][\/vc_column][vc_column width=&#8221;1\/6&#8243;][\/vc_column][\/vc_row][vc_row fullwidth=&#8221;has-fullwidth-column&#8221; margin_top=&#8221;5%&#8221; margin_bottom=&#8221;10%&#8221;][vc_column width=&#8221;4\/12&#8243;]<div class=\"bild-abstand-mobile agni-image custom-image-container text-left\"><div class=\"animate\" data-animation=\"fadeIn\" data-animation-offset=\"95%\" style=\"animation-duration: 0.8s;     animation-delay: 0.4s;     -moz-animation-duration: 0.8s;  -moz-animation-delay: 0.4s;    -webkit-animation-duration: 0.8s;   -webkit-animation-delay: 0.4s; \"><div class=\"image-has-parallax\" data-bottom-top=\"transform:translateY(300px);\" data-top-bottom=\"transform:translateY(100px);\">\r\n\t\t\t<figure class=\"agni-image-figure\">\r\n\t\t\t\t<img loading=\"lazy\" decoding=\"async\" style=\"\" width=\"6016\" height=\"4016\" src=\"https:\/\/www.anya-bestebner.at\/stimmcoaching\/wp-content\/uploads\/2019\/01\/anya-bestebner-fabian-sackl-sw-26.jpg\" class=\"fullwidth-image attachment-full  attachment-full\" alt=\"\" title=\"anya-bestebner-fabian-sackl-sw-26\" srcset=\"https:\/\/www.anya-bestebner.at\/stimmcoaching\/wp-content\/uploads\/2019\/01\/anya-bestebner-fabian-sackl-sw-26.jpg 6016w, https:\/\/www.anya-bestebner.at\/stimmcoaching\/wp-content\/uploads\/2019\/01\/anya-bestebner-fabian-sackl-sw-26-300x200.jpg 300w, https:\/\/www.anya-bestebner.at\/stimmcoaching\/wp-content\/uploads\/2019\/01\/anya-bestebner-fabian-sackl-sw-26-768x513.jpg 768w, https:\/\/www.anya-bestebner.at\/stimmcoaching\/wp-content\/uploads\/2019\/01\/anya-bestebner-fabian-sackl-sw-26-1024x684.jpg 1024w, https:\/\/www.anya-bestebner.at\/stimmcoaching\/wp-content\/uploads\/2019\/01\/anya-bestebner-fabian-sackl-sw-26-960x641.jpg 960w\" sizes=\"(max-width: 6016px) 100vw, 6016px\" \/>\r\n\t\t\t\t<figcaption class=\"vc_figure-caption\"><\/figcaption>\r\n\t\t\t<\/figure>\r\n\t\t<\/div><\/div><\/div>[\/vc_column][vc_column width=&#8221;8\/12&#8243;]<div class=\"bild-abstand-mobile agni-image custom-image-container text-left\"><div class=\"animate\" data-animation=\"fadeIn\" data-animation-offset=\"95%\" style=\"animation-duration: 0.8s;     animation-delay: 0.4s;     -moz-animation-duration: 0.8s;  -moz-animation-delay: 0.4s;    -webkit-animation-duration: 0.8s;   -webkit-animation-delay: 0.4s; \"><div class=\"image-has-parallax\" data-bottom-top=\"transform:translateY(50px);\" data-top-bottom=\"transform:translateY(-50px);\">\r\n\t\t\t<figure class=\"agni-image-figure\">\r\n\t\t\t\t<img loading=\"lazy\" decoding=\"async\" style=\"\" width=\"5816\" height=\"3883\" src=\"https:\/\/www.anya-bestebner.at\/stimmcoaching\/wp-content\/uploads\/2018\/12\/anya-bestebner-fabian-sackl-sw-16a.jpg\" class=\"fullwidth-image attachment-full  attachment-full\" alt=\"\" title=\"anya-bestebner-fabian-sackl-sw-16a\" srcset=\"https:\/\/www.anya-bestebner.at\/stimmcoaching\/wp-content\/uploads\/2018\/12\/anya-bestebner-fabian-sackl-sw-16a.jpg 5816w, https:\/\/www.anya-bestebner.at\/stimmcoaching\/wp-content\/uploads\/2018\/12\/anya-bestebner-fabian-sackl-sw-16a-300x200.jpg 300w, https:\/\/www.anya-bestebner.at\/stimmcoaching\/wp-content\/uploads\/2018\/12\/anya-bestebner-fabian-sackl-sw-16a-768x513.jpg 768w, https:\/\/www.anya-bestebner.at\/stimmcoaching\/wp-content\/uploads\/2018\/12\/anya-bestebner-fabian-sackl-sw-16a-1024x684.jpg 1024w, https:\/\/www.anya-bestebner.at\/stimmcoaching\/wp-content\/uploads\/2018\/12\/anya-bestebner-fabian-sackl-sw-16a-960x641.jpg 960w\" sizes=\"(max-width: 5816px) 100vw, 5816px\" \/>\r\n\t\t\t\t<figcaption class=\"vc_figure-caption\"><\/figcaption>\r\n\t\t\t<\/figure>\r\n\t\t<\/div><\/div><\/div>[\/vc_column][\/vc_row][vc_row fullwidth=&#8221;has-fullwidth-column&#8221; margin_top=&#8221;3%&#8221; margin_bottom=&#8221;3%&#8221; el_id=&#8221;fuer-wen&#8221;][vc_column width=&#8221;1\/4&#8243; css=&#8221;.vc_custom_1480658745764{padding-top: 20px !important;padding-bottom: 20px !important;}&#8221;][\/vc_column][vc_column width=&#8221;1\/2&#8243;][vc_column_text animation=&#8221;1&#8243;]<\/p>\n<h1 style=\"text-align: center;\">F\u00fcr wen sich<br \/>\nStimmcoaching eignet<\/h1>\n<p>[\/vc_column_text][\/vc_column][vc_column width=&#8221;1\/4&#8243;][\/vc_column][\/vc_row][vc_row margin_top=&#8221;3%&#8221; margin_bottom=&#8221;10%&#8221; el_class=&#8221;what&#8221;][vc_column width=&#8221;1\/6&#8243; css=&#8221;.vc_custom_1480658745764{padding-top: 20px !important;padding-bottom: 20px !important;}&#8221;][\/vc_column][vc_column width=&#8221;2\/3&#8243;][vc_column_text animation=&#8221;1&#8243; animation_style=&#8221;slideInUp&#8221;]<\/p>\n<p style=\"text-align: center;\">Stimmcoachings eignen sich f\u00fcr Personen in sprechintensiven Berufen: F\u00fcr F\u00fchrungskr\u00e4fte, Referenten, Vertriebler, Lehrer und f\u00fcr Menschen, die sich auf ihre Stimme auch in sehr fordernden Situationen verlassen k\u00f6nnen m\u00fcssen. Ebenso ist es auch f\u00fcr alle jene wertvoll, die das Bed\u00fcrfnis haben, an ihrer Stimme zu arbeiten.<\/p>\n<p>[\/vc_column_text][\/vc_column][vc_column width=&#8221;1\/6&#8243;][\/vc_column][\/vc_row][vc_row fullwidth=&#8221;has-fullwidth-column-no-padding&#8221; bg_color=&#8221;#c5ccd1&#8243; padding_top=&#8221;12%&#8221; padding_right=&#8221;3%&#8221; padding_bottom=&#8221;12%&#8221; padding_left=&#8221;3%&#8221;][vc_column width=&#8221;1\/12&#8243;][\/vc_column][vc_column width=&#8221;10\/12&#8243;][vc_column_text animation=&#8221;1&#8243; animation_duration=&#8221;1.2&#8243; el_class=&#8221;zitat&#8221;]<\/p>\n<p class=\"zitat\" style=\"text-align: center;\"><span style=\"color: #ffffff;\"><span class=\"ab-quote\" style=\"font-family: ab-quote;\">\u201e<\/span>Eines muss klar sein: Ihre Stimme.<span class=\"ab-quote\" style=\"font-family: ab-quote;\">\u201d<\/span><\/span><\/p>\n<p>[\/vc_column_text][vc_empty_space height=&#8221;40px&#8221; height_mobile=&#8221;20px&#8221;]<div class=\" agni-button  text-center page-scroll\"><a class=\"btn btn-alt btn-lg btn-primary\" target=\"_self\" href=\"www.anya-bestebner.at\/stimmcoaching\/angebot\" style=\"border-radius:50px;\" ><div class=\"animate\" data-animation=\"fadeInUp\" data-animation-offset=\"95%\" style=\"animation-duration: 0.8s; \tanimation-delay: 0.4s; \t-moz-animation-duration: 0.8s; \t-moz-animation-delay: 0.4s; \t-webkit-animation-duration: 0.8s; \t-webkit-animation-delay: 0.4s;\">Zum Seminarangebot<\/div><\/a><\/div>[\/vc_column][vc_column width=&#8221;1\/12&#8243;][\/vc_column][\/vc_row]<\/p>\n<\/section>","protected":false},"excerpt":{"rendered":"<p>[vc_row fullwidth=&#8221;has-fullwidth-column&#8221; padding_top=&#8221;10%&#8221; padding_bottom=&#8221;4%&#8221; el_id=&#8221;wieso&#8221;][vc_column width=&#8221;1\/4&#8243; css=&#8221;.vc_custom_1480658745764{padding-top: 20px !important;padding-bottom: 20px !important;}&#8221;][\/vc_column][vc_column width=&#8221;1\/2&#8243;][vc_column_text animation=&#8221;1&#8243;] Wieso Stimmcoaching? [\/vc_column_text][\/vc_column][vc_column width=&#8221;1\/4&#8243;][\/vc_column][\/vc_row][vc_row margin_top=&#8221;3%&#8221; margin_bottom=&#8221;10%&#8221; el_class=&#8221;what&#8221;][vc_column width=&#8221;1\/6&#8243; css=&#8221;.vc_custom_1480658745764{padding-top: 20px !important;padding-bottom: 20px !important;}&#8221;][\/vc_column][vc_column width=&#8221;2\/3&#8243;][vc_column_text animation=&#8221;1&#8243; animation_style=&#8221;slideInUp&#8221;] Eine Visitenkarte, die geh\u00f6rt wird. Mit Leichtigkeit sprechen, im Alltag und auf der B\u00fchne. Stimmliche Kompetenz nutzen, um fachliche zu unterstreichen. Voller Klang und Resonanz, Begeisterung [&hellip;]<\/p>\n","protected":false},"author":1,"featured_media":0,"parent":0,"menu_order":0,"comment_status":"closed","ping_status":"closed","template":"","meta":{"inline_featured_image":false,"footnotes":""},"_links":{"self":[{"href":"https:\/\/www.anya-bestebner.at\/stimmcoaching\/wp-json\/wp\/v2\/pages\/1369"}],"collection":[{"href":"https:\/\/www.anya-bestebner.at\/stimmcoaching\/wp-json\/wp\/v2\/pages"}],"about":[{"href":"https:\/\/www.anya-bestebner.at\/stimmcoaching\/wp-json\/wp\/v2\/types\/page"}],"author":[{"embeddable":true,"href":"https:\/\/www.anya-bestebner.at\/stimmcoaching\/wp-json\/wp\/v2\/users\/1"}],"replies":[{"embeddable":true,"href":"https:\/\/www.anya-bestebner.at\/stimmcoaching\/wp-json\/wp\/v2\/comments?post=1369"}],"version-history":[{"count":12,"href":"https:\/\/www.anya-bestebner.at\/stimmcoaching\/wp-json\/wp\/v2\/pages\/1369\/revisions"}],"predecessor-version":[{"id":1907,"href":"https:\/\/www.anya-bestebner.at\/stimmcoaching\/wp-json\/wp\/v2\/pages\/1369\/revisions\/1907"}],"wp:attachment":[{"href":"https:\/\/www.anya-bestebner.at\/stimmcoaching\/wp-json\/wp\/v2\/media?parent=1369"}],"curies":[{"name":"wp","href":"https:\/\/api.w.org\/{rel}","templated":true}]}}