{"id":1830,"date":"2019-01-03T09:53:58","date_gmt":"2019-01-03T08:53:58","guid":{"rendered":"http:\/\/www.anya-bestebner.at\/logopaedie\/?page_id=1830"},"modified":"2019-01-22T17:34:29","modified_gmt":"2019-01-22T16:34:29","slug":"therapie","status":"publish","type":"page","link":"https:\/\/www.anya-bestebner.at\/logopaedie\/therapie\/","title":{"rendered":"Therapie"},"content":{"rendered":"<section class=\"wpb-content-wrapper\"><p>[vc_row fullwidth=&#8221;has-fullwidth-column&#8221; padding_top=&#8221;10%&#8221; padding_bottom=&#8221;4%&#8221; el_id=&#8221;logopaedische-therapie&#8221;][vc_column width=&#8221;1\/6&#8243; css=&#8221;.vc_custom_1480658745764{padding-top: 20px !important;padding-bottom: 20px !important;}&#8221;][\/vc_column][vc_column width=&#8221;2\/3&#8243;][vc_column_text animation=&#8221;1&#8243;]<\/p>\n<p style=\"text-align: center; letter-spacing: 1px;\"><strong>LOGOP\u00c4DISCHE THERAPIE<\/strong><\/p>\n<p>[\/vc_column_text][vc_column_text animation=&#8221;1&#8243; animation_style=&#8221;slideInUp&#8221;]<\/p>\n<h3 style=\"text-align: center;\"><span style=\"color: #c5ccd1;\">Als Logop\u00e4din behandle ich Menschen aller Altersgruppen \u2013 vom S\u00e4ugling bis zum Erwachsenen \u2013 mit folgenden Indikationen:<\/span><\/h3>\n<p>[\/vc_column_text][\/vc_column][vc_column width=&#8221;1\/6&#8243;][\/vc_column][\/vc_row][vc_row fullwidth=&#8221;has-fullwidth-column&#8221; margin_top=&#8221;3%&#8221; margin_bottom=&#8221;3%&#8221; el_id=&#8221;neurologisch&#8221;][vc_column width=&#8221;1\/6&#8243; css=&#8221;.vc_custom_1480658745764{padding-top: 20px !important;padding-bottom: 20px !important;}&#8221;][\/vc_column][vc_column width=&#8221;2\/3&#8243;][vc_column_text animation=&#8221;1&#8243;]<\/p>\n<h1 style=\"text-align: center;\">Neurologische Sprach-,<br \/>\nSprech- und Stimmst\u00f6rungen<\/h1>\n<p>[\/vc_column_text][vc_empty_space height=&#8221;20px&#8221;][vc_wp_text]<img decoding=\"async\" class=\"aligncenter\" style=\"min-width: 150px; max-width: 180px; display: block; margin-right: auto; width: 50%;\" src=\"http:\/\/www.anya-bestebner.at\/logopaedie\/wp-content\/uploads\/2019\/01\/anya-bestebner-icons-neurologisch.svg\" alt=\"Icon\" \/>[\/vc_wp_text][vc_empty_space height=&#8221;20px&#8221;][vc_column_text animation=&#8221;1&#8243; animation_style=&#8221;slideInUp&#8221;]<\/p>\n<p style=\"text-align: center;\">Meist nach abgeschlossenem Spracherwerb, verursachen neurologische Erkrankungen z.B.: Schlaganfall und Hirnblutungen oder Verletzungen des Gehirns, neurologische Sprach-, Sprech- und Stimmst\u00f6rungen. Die Betroffenen haben Probleme beim Sprechen, Verstehen, Lesen und Schreiben in unterschiedlichen Auspr\u00e4gungen.<\/p>\n<p>[\/vc_column_text][\/vc_column][vc_column width=&#8221;1\/6&#8243;][\/vc_column][\/vc_row][vc_row fullwidth=&#8221;has-fullwidth-column&#8221; margin_top=&#8221;3%&#8221; margin_bottom=&#8221;3%&#8221; el_id=&#8221;gesichtslaehmungen&#8221;][vc_column width=&#8221;1\/6&#8243; css=&#8221;.vc_custom_1480658745764{padding-top: 20px !important;padding-bottom: 20px !important;}&#8221;][\/vc_column][vc_column width=&#8221;2\/3&#8243;][vc_column_text animation=&#8221;1&#8243;]<\/p>\n<h1 style=\"text-align: center;\">Gesichtsl\u00e4hmungen<\/h1>\n<p>[\/vc_column_text][vc_empty_space height=&#8221;20px&#8221;][vc_wp_text]<img decoding=\"async\" class=\"aligncenter\" style=\"min-width: 150px; max-width: 180px; display: block; margin-right: auto; width: 50%;\" src=\"http:\/\/www.anya-bestebner.at\/logopaedie\/wp-content\/uploads\/2019\/01\/anya-bestebner-icons-gesichtslaehmung.svg\" alt=\"Icon\" \/>[\/vc_wp_text][vc_empty_space height=&#8221;20px&#8221;][vc_column_text animation=&#8221;1&#8243; animation_style=&#8221;slideInUp&#8221;]<\/p>\n<p style=\"text-align: center;\">Es kann unterteilt werden in periphere L\u00e4hmung und zentrale L\u00e4hmung. Die sehr h\u00e4ufig auftretende\u00a0 periphere L\u00e4hmung tritt meist bei einer direkten Sch\u00e4digung des Gesichtsnerves auf, z.B. bei Infektionen (Borreliose),\u00a0 nach St\u00fcrzen oder bei Tumoren. Die zentrale L\u00e4hmung tritt h\u00e4ufig bei direkter Sch\u00e4digungen des Gehirns auf, zB. nach Schlaganfall.<\/p>\n<p>[\/vc_column_text][\/vc_column][vc_column width=&#8221;1\/6&#8243;][\/vc_column][\/vc_row][vc_row fullwidth=&#8221;has-fullwidth-column&#8221; margin_top=&#8221;3%&#8221; margin_bottom=&#8221;3%&#8221; el_id=&#8221;sprachentwicklung&#8221;][vc_column width=&#8221;1\/6&#8243; css=&#8221;.vc_custom_1480658745764{padding-top: 20px !important;padding-bottom: 20px !important;}&#8221;][\/vc_column][vc_column width=&#8221;2\/3&#8243;][vc_column_text animation=&#8221;1&#8243;]<\/p>\n<h1 style=\"text-align: center;\">Sprachentwicklungsverz\u00f6gerung\/ Sprachentwicklungsst\u00f6rung<\/h1>\n<p>[\/vc_column_text][vc_empty_space height=&#8221;20px&#8221;][vc_wp_text]<img decoding=\"async\" class=\"aligncenter\" style=\"min-width: 150px; max-width: 180px; display: block; margin-right: auto; width: 50%;\" src=\"http:\/\/www.anya-bestebner.at\/logopaedie\/wp-content\/uploads\/2019\/01\/anya-bestebner-icons-sprachentwicklung.svg\" alt=\"Icon\" \/>[\/vc_wp_text][vc_empty_space height=&#8221;20px&#8221;][vc_column_text animation=&#8221;1&#8243; animation_style=&#8221;slideInUp&#8221;]<\/p>\n<p style=\"text-align: center;\">In den ersten Lebensjahren erwerben Kinder die wichtigsten Regeln ihrer Muttersprache. Dies gelingt nicht allen Kindern und es kommt zu Abweichungen in den Bereichen Wortschatz,\u00a0Sprachverst\u00e4ndnis,\u00a0Grammatik und\/oder Aussprache.<\/p>\n<p>[\/vc_column_text][\/vc_column][vc_column width=&#8221;1\/6&#8243;][\/vc_column][\/vc_row][vc_row fullwidth=&#8221;has-fullwidth-column&#8221; margin_top=&#8221;3%&#8221; margin_bottom=&#8221;3%&#8221; el_id=&#8221;mundmotorik&#8221;][vc_column width=&#8221;1\/6&#8243; css=&#8221;.vc_custom_1480658745764{padding-top: 20px !important;padding-bottom: 20px !important;}&#8221;][\/vc_column][vc_column width=&#8221;2\/3&#8243;][vc_column_text animation=&#8221;1&#8243;]<\/p>\n<h1 style=\"text-align: center;\">Mundmotorische Auff\u00e4lligkeiten<\/h1>\n<p>[\/vc_column_text][vc_empty_space height=&#8221;20px&#8221;][vc_wp_text]<img decoding=\"async\" class=\"aligncenter\" style=\"min-width: 150px; max-width: 180px; display: block; margin-right: auto; width: 50%;\" src=\"http:\/\/www.anya-bestebner.at\/logopaedie\/wp-content\/uploads\/2019\/01\/anya-bestebner-icons-mundmotorik.svg\" alt=\"Icon\" \/>[\/vc_wp_text][vc_empty_space height=&#8221;20px&#8221;][vc_column_text animation=&#8221;1&#8243; animation_style=&#8221;slideInUp&#8221;]<\/p>\n<p style=\"text-align: center;\">Besteht ein Ungleichgewicht der Mund- und Gesichtsmuskulatur, spricht man von einer myofunktionellen St\u00f6rung. Die Symptome sind unter anderem eine bevorzugte Mundatmung mit \u00fcberwiegender offener Mundhaltung, ein auff\u00e4lliges Schluckmuster, \u00fcberm\u00e4\u00dfiger Speichelfluss, eine ver\u00e4nderte Zahnfehlstellung und Lutschgewohnheiten (Schnuller, Daumen).<\/p>\n<p>[\/vc_column_text][\/vc_column][vc_column width=&#8221;1\/6&#8243;][\/vc_column][\/vc_row][vc_row fullwidth=&#8221;has-fullwidth-column&#8221; margin_top=&#8221;3%&#8221; margin_bottom=&#8221;3%&#8221; el_id=&#8221;redeflussstoerungen&#8221;][vc_column width=&#8221;1\/6&#8243; css=&#8221;.vc_custom_1480658745764{padding-top: 20px !important;padding-bottom: 20px !important;}&#8221;][\/vc_column][vc_column width=&#8221;2\/3&#8243;][vc_column_text animation=&#8221;1&#8243;]<\/p>\n<h1 style=\"text-align: center;\">Redeflussst\u00f6rungen (Stottern, Poltern)<\/h1>\n<p>[\/vc_column_text][vc_empty_space height=&#8221;20px&#8221;][vc_wp_text]<img decoding=\"async\" class=\"aligncenter\" style=\"min-width: 150px; max-width: 180px; display: block; margin-right: auto; width: 50%;\" src=\"http:\/\/www.anya-bestebner.at\/logopaedie\/wp-content\/uploads\/2019\/01\/anya-bestebner-icons-stottern.svg\" alt=\"Icon\" \/>[\/vc_wp_text][vc_empty_space height=&#8221;20px&#8221;][vc_column_text animation=&#8221;1&#8243; animation_style=&#8221;slideInUp&#8221;]<\/p>\n<p style=\"text-align: center;\">Stottern definiert sich durch auff\u00e4llige Blockaden, Wiederholungen und Dehnungen. H\u00e4ufig treten zus\u00e4tzlich Begleitsymptome, wie Verkrampfungen der Gesichtsmuskulatur oder K\u00f6rperbewegungen beim Sprechen auf.<br \/>\nPoltern zeigt sich durch eine schnelle und unregelm\u00e4\u00dfige Sprechgeschwindigkeit. Es kommt zu Silben- bzw. Lautverschmelzungen.<\/p>\n<p>[\/vc_column_text][\/vc_column][vc_column width=&#8221;1\/6&#8243;][\/vc_column][\/vc_row][vc_row fullwidth=&#8221;has-fullwidth-column&#8221; margin_top=&#8221;3%&#8221; margin_bottom=&#8221;3%&#8221; el_id=&#8221;stimmstoerung&#8221;][vc_column width=&#8221;1\/6&#8243; css=&#8221;.vc_custom_1480658745764{padding-top: 20px !important;padding-bottom: 20px !important;}&#8221;][\/vc_column][vc_column width=&#8221;2\/3&#8243;][vc_column_text animation=&#8221;1&#8243;]<\/p>\n<h1 style=\"text-align: center;\">Stimmst\u00f6rung (Dysphonie)<\/h1>\n<p>[\/vc_column_text][vc_empty_space height=&#8221;20px&#8221;][vc_wp_text]<img decoding=\"async\" class=\"aligncenter\" style=\"min-width: 150px; max-width: 180px; display: block; margin-right: auto; width: 50%;\" src=\"http:\/\/www.anya-bestebner.at\/logopaedie\/wp-content\/uploads\/2019\/01\/anya-bestebner-icons-stimmstoerung.svg\" alt=\"Icon\" \/>[\/vc_wp_text][vc_empty_space height=&#8221;20px&#8221;][vc_column_text animation=&#8221;1&#8243; animation_style=&#8221;slideInUp&#8221;]<\/p>\n<p style=\"text-align: center;\">Die Dysphonie bezeichnet eine Beeintr\u00e4chtigung der Stimme. Eine Stimmerkrankung kann durch dauernde Fehlbelastung in Sprechberufen oder bei seelischem Stress, nach Erkrankungen oder\u00a0 Operationen des Kehlkopfes (Laryngektomie), nach Intubationsnarkosen oder Schilddr\u00fcsenoperationen auftreten. Auch neurologische Erkrankungen wie z.B. ein Schlaganfall, k\u00f6nnen zu einer Dysphonie f\u00fchren. Heiserkeit, Stimmschw\u00e4che, eine geringe Belastbarkeit oder dauernde Ver\u00e4nderung der Stimme mit Folgen der zwischenmenschlichen Kommunikation k\u00f6nnen auftreten.<\/p>\n<p>[\/vc_column_text][\/vc_column][vc_column width=&#8221;1\/6&#8243;][\/vc_column][\/vc_row][vc_row fullwidth=&#8221;has-fullwidth-column&#8221; margin_top=&#8221;3%&#8221; margin_bottom=&#8221;3%&#8221; el_id=&#8221;schluckstoerung&#8221;][vc_column width=&#8221;1\/6&#8243; css=&#8221;.vc_custom_1480658745764{padding-top: 20px !important;padding-bottom: 20px !important;}&#8221;][\/vc_column][vc_column width=&#8221;2\/3&#8243;][vc_column_text animation=&#8221;1&#8243;]<\/p>\n<h1 style=\"text-align: center;\">St\u00f6rungen des Schluckens (Dysphagie)<\/h1>\n<p>[\/vc_column_text][vc_empty_space height=&#8221;20px&#8221;][vc_wp_text]<img decoding=\"async\" class=\"aligncenter\" style=\"min-width: 150px; max-width: 180px; display: block; margin-right: auto; width: 50%;\" src=\"http:\/\/www.anya-bestebner.at\/logopaedie\/wp-content\/uploads\/2019\/01\/anya-bestebner-icons-schlucken.svg\" alt=\"Icon\" \/>[\/vc_wp_text][vc_empty_space height=&#8221;20px&#8221;][vc_column_text animation=&#8221;1&#8243; animation_style=&#8221;slideInUp&#8221;]<\/p>\n<p style=\"text-align: center;\">Dysphagie bezeichnet eine Beeintr\u00e4chtigung der Nahrungsaufnahme und des Schluckens auf Grund mangelnder Koordination oder Schw\u00e4che der Schluckmuskulatur. Eine Dysphagie kann nach einem akuten neurologischen Geschehen eintreten (z.B. nach Schlaganfall), als auch bei fortschreitenden neurologischen Erkrankungen (M. Parkinson, Multiple Sklerose) oder nach Operationen (Tumore, Laryngektomie). Die Schluckst\u00f6rung kann in unterschiedlicher Schwere auftreten und kann auch die Funktion der Atmung beeintr\u00e4chtigen.<\/p>\n<p>[\/vc_column_text][\/vc_column][vc_column width=&#8221;1\/6&#8243;][\/vc_column][\/vc_row][vc_row fullwidth=&#8221;has-fullwidth-column-no-padding&#8221; bg_color=&#8221;#c5ccd1&#8243; padding_top=&#8221;12%&#8221; padding_right=&#8221;3%&#8221; padding_bottom=&#8221;12%&#8221; padding_left=&#8221;3%&#8221;][vc_column width=&#8221;1\/6&#8243;][\/vc_column][vc_column width=&#8221;2\/3&#8243;][vc_column_text animation=&#8221;1&#8243; animation_duration=&#8221;1.2&#8243; el_class=&#8221;zitat&#8221;]<\/p>\n<p class=\"zitat\" style=\"text-align: center;\"><span style=\"color: #ffffff;\"><span class=\"ab-quote\">\u201e<\/span>Auf die eigene Stimme h\u00f6ren.<span class=\"ab-quote\">\u201d<\/span><\/span><\/p>\n<p>[\/vc_column_text][vc_empty_space height=&#8221;40px&#8221; height_mobile=&#8221;20px&#8221;]<div class=\" agni-button  text-center page-scroll\"><a class=\"btn btn-alt btn-lg btn-primary\" target=\"_self\" href=\"\/logopaedie\/ueber-mich\" style=\"border-radius:50px;\" ><div class=\"animate\" data-animation=\"fadeInUp\" data-animation-offset=\"95%\" style=\"animation-duration: 0.8s; \tanimation-delay: 0.4s; \t-moz-animation-duration: 0.8s; \t-moz-animation-delay: 0.4s; \t-webkit-animation-duration: 0.8s; \t-webkit-animation-delay: 0.4s;\">Mehr \u00fcber mich<\/div><\/a><\/div>[\/vc_column][vc_column width=&#8221;1\/6&#8243;][\/vc_column][\/vc_row]<\/p>\n<\/section>","protected":false},"excerpt":{"rendered":"<p>[vc_row fullwidth=&#8221;has-fullwidth-column&#8221; padding_top=&#8221;10%&#8221; padding_bottom=&#8221;4%&#8221; el_id=&#8221;logopaedische-therapie&#8221;][vc_column width=&#8221;1\/6&#8243; css=&#8221;.vc_custom_1480658745764{padding-top: 20px !important;padding-bottom: 20px !important;}&#8221;][\/vc_column][vc_column width=&#8221;2\/3&#8243;][vc_column_text animation=&#8221;1&#8243;] LOGOP\u00c4DISCHE THERAPIE [\/vc_column_text][vc_column_text animation=&#8221;1&#8243; animation_style=&#8221;slideInUp&#8221;] Als Logop\u00e4din behandle ich Menschen aller Altersgruppen \u2013 vom S\u00e4ugling bis zum Erwachsenen \u2013 mit folgenden Indikationen: [\/vc_column_text][\/vc_column][vc_column width=&#8221;1\/6&#8243;][\/vc_column][\/vc_row][vc_row fullwidth=&#8221;has-fullwidth-column&#8221; margin_top=&#8221;3%&#8221; margin_bottom=&#8221;3%&#8221; el_id=&#8221;neurologisch&#8221;][vc_column width=&#8221;1\/6&#8243; css=&#8221;.vc_custom_1480658745764{padding-top: 20px !important;padding-bottom: 20px !important;}&#8221;][\/vc_column][vc_column width=&#8221;2\/3&#8243;][vc_column_text animation=&#8221;1&#8243;] Neurologische Sprach-, Sprech- und Stimmst\u00f6rungen [\/vc_column_text][vc_empty_space [&hellip;]<\/p>\n","protected":false},"author":1,"featured_media":0,"parent":0,"menu_order":0,"comment_status":"closed","ping_status":"closed","template":"","meta":{"inline_featured_image":false,"footnotes":""},"_links":{"self":[{"href":"https:\/\/www.anya-bestebner.at\/logopaedie\/wp-json\/wp\/v2\/pages\/1830"}],"collection":[{"href":"https:\/\/www.anya-bestebner.at\/logopaedie\/wp-json\/wp\/v2\/pages"}],"about":[{"href":"https:\/\/www.anya-bestebner.at\/logopaedie\/wp-json\/wp\/v2\/types\/page"}],"author":[{"embeddable":true,"href":"https:\/\/www.anya-bestebner.at\/logopaedie\/wp-json\/wp\/v2\/users\/1"}],"replies":[{"embeddable":true,"href":"https:\/\/www.anya-bestebner.at\/logopaedie\/wp-json\/wp\/v2\/comments?post=1830"}],"version-history":[{"count":30,"href":"https:\/\/www.anya-bestebner.at\/logopaedie\/wp-json\/wp\/v2\/pages\/1830\/revisions"}],"predecessor-version":[{"id":1940,"href":"https:\/\/www.anya-bestebner.at\/logopaedie\/wp-json\/wp\/v2\/pages\/1830\/revisions\/1940"}],"wp:attachment":[{"href":"https:\/\/www.anya-bestebner.at\/logopaedie\/wp-json\/wp\/v2\/media?parent=1830"}],"curies":[{"name":"wp","href":"https:\/\/api.w.org\/{rel}","templated":true}]}}