{"id":1369,"date":"2018-12-30T15:47:58","date_gmt":"2018-12-30T14:47:58","guid":{"rendered":"http:\/\/demo.agnidesigns.com\/fortune\/demo17\/?page_id=4"},"modified":"2019-01-29T09:09:08","modified_gmt":"2019-01-29T08:09:08","slug":"home","status":"publish","type":"page","link":"https:\/\/www.anya-bestebner.at\/logopaedie\/","title":{"rendered":"Home"},"content":{"rendered":"<section class=\"wpb-content-wrapper\"><p>[vc_row fullwidth=&#8221;has-fullwidth-column&#8221; padding_top=&#8221;10%&#8221; padding_bottom=&#8221;4%&#8221; el_id=&#8221;wieso&#8221;][vc_column width=&#8221;1\/4&#8243; css=&#8221;.vc_custom_1480658745764{padding-top: 20px !important;padding-bottom: 20px !important;}&#8221;][\/vc_column][vc_column width=&#8221;1\/2&#8243;][vc_column_text animation=&#8221;1&#8243;]<\/p>\n<h1 style=\"text-align: center;\">Logop\u00e4die<\/h1>\n<p>[\/vc_column_text][\/vc_column][vc_column width=&#8221;1\/4&#8243;][\/vc_column][\/vc_row][vc_row padding_bottom=&#8221;5%&#8221; el_class=&#8221;what&#8221;][vc_column width=&#8221;1\/4&#8243; css=&#8221;.vc_custom_1480658745764{padding-top: 20px !important;padding-bottom: 20px !important;}&#8221;][\/vc_column][vc_column width=&#8221;1\/2&#8243;][vc_column_text animation=&#8221;1&#8243; animation_style=&#8221;slideInUp&#8221;]<\/p>\n<p style=\"text-align: center;\">Sprache beeinflusst das t\u00e4gliche Leben.<\/p>\n<p style=\"text-align: center;\">Eine St\u00f6rung der Stimme kann sowohl durch\u00a0<span class=\"Apple-converted-space\">\u00a0<\/span>starke Belastung als auch durch operative Ein\u00ad\u00ad\u00adgriffe (Schilddr\u00fcsenoperation) eintreten. Auch Stottern oder Verz\u00f6gerungen in der Sprach\u00adentwicklung k\u00f6nnen zu einer bedingten Mitteilungsf\u00e4higkeit f\u00fchren.<span class=\"Apple-converted-space\">\u00a0<\/span><\/p>\n<p style=\"text-align: center;\">Neurologische Erkrankungen wie Schlaganf\u00e4lle oder Morbus Parkinson beeinflussen den Umgang mit Sprache. Dadurch k\u00f6nnen auch\u00a0St\u00f6rungen des Schluckens (Dysphagie) auftreten, die ein risikofreies Essen und Trinken verhindern.<\/p>\n<p style=\"text-align: center;\">Durch logop\u00e4dische Therapie k\u00f6nnen Betroffene ihre W\u00fcnsche und Beschwerden wieder klar mitteilen. Somit entstehen keine Missverst\u00e4ndnisse mehr und Gef\u00fchle wie Frustration oder Scham verschwinden aus dem Alltag. Logo\u00e4die verbessert die Lebensqualit\u00e4t von Betroffenen nachhaltig.<\/p>\n<p>[\/vc_column_text][\/vc_column][vc_column width=&#8221;1\/4&#8243;][\/vc_column][\/vc_row][vc_row fullwidth=&#8221;has-fullwidth-column&#8221; margin_top=&#8221;5%&#8221; margin_bottom=&#8221;10%&#8221;][vc_column width=&#8221;4\/12&#8243;]<div class=\"bild-abstand-mobile agni-image custom-image-container text-left\"><div class=\"animate\" data-animation=\"fadeIn\" data-animation-offset=\"95%\" style=\"animation-duration: 0.8s;     animation-delay: 0.4s;     -moz-animation-duration: 0.8s;  -moz-animation-delay: 0.4s;    -webkit-animation-duration: 0.8s;   -webkit-animation-delay: 0.4s; \"><div class=\"image-has-parallax\" data-bottom-top=\"transform:translateY(300px);\" data-top-bottom=\"transform:translateY(100px);\">\r\n\t\t\t<figure class=\"agni-image-figure\">\r\n\t\t\t\t<img loading=\"lazy\" decoding=\"async\" style=\"\" width=\"6016\" height=\"4016\" src=\"https:\/\/www.anya-bestebner.at\/logopaedie\/wp-content\/uploads\/2019\/01\/anya-bestebner-fabian-sackl-sw-26.jpg\" class=\"fullwidth-image attachment-full  attachment-full\" alt=\"\" title=\"anya-bestebner-fabian-sackl-sw-26\" srcset=\"https:\/\/www.anya-bestebner.at\/logopaedie\/wp-content\/uploads\/2019\/01\/anya-bestebner-fabian-sackl-sw-26.jpg 6016w, https:\/\/www.anya-bestebner.at\/logopaedie\/wp-content\/uploads\/2019\/01\/anya-bestebner-fabian-sackl-sw-26-300x200.jpg 300w, https:\/\/www.anya-bestebner.at\/logopaedie\/wp-content\/uploads\/2019\/01\/anya-bestebner-fabian-sackl-sw-26-768x513.jpg 768w, https:\/\/www.anya-bestebner.at\/logopaedie\/wp-content\/uploads\/2019\/01\/anya-bestebner-fabian-sackl-sw-26-1024x684.jpg 1024w, https:\/\/www.anya-bestebner.at\/logopaedie\/wp-content\/uploads\/2019\/01\/anya-bestebner-fabian-sackl-sw-26-960x641.jpg 960w\" sizes=\"(max-width: 6016px) 100vw, 6016px\" \/>\r\n\t\t\t\t<figcaption class=\"vc_figure-caption\"><\/figcaption>\r\n\t\t\t<\/figure>\r\n\t\t<\/div><\/div><\/div>[\/vc_column][vc_column width=&#8221;8\/12&#8243;]<div class=\"bild-abstand-mobile agni-image custom-image-container text-left\"><div class=\"animate\" data-animation=\"fadeIn\" data-animation-offset=\"95%\" style=\"animation-duration: 0.8s;     animation-delay: 0.4s;     -moz-animation-duration: 0.8s;  -moz-animation-delay: 0.4s;    -webkit-animation-duration: 0.8s;   -webkit-animation-delay: 0.4s; \"><div class=\"image-has-parallax\" data-bottom-top=\"transform:translateY(50px);\" data-top-bottom=\"transform:translateY(-50px);\">\r\n\t\t\t<figure class=\"agni-image-figure\">\r\n\t\t\t\t<img loading=\"lazy\" decoding=\"async\" style=\"\" width=\"5816\" height=\"3883\" src=\"https:\/\/www.anya-bestebner.at\/logopaedie\/wp-content\/uploads\/2018\/12\/anya-bestebner-fabian-sackl-sw-16a.jpg\" class=\"fullwidth-image attachment-full  attachment-full\" alt=\"\" title=\"anya-bestebner-fabian-sackl-sw-16a\" srcset=\"https:\/\/www.anya-bestebner.at\/logopaedie\/wp-content\/uploads\/2018\/12\/anya-bestebner-fabian-sackl-sw-16a.jpg 5816w, https:\/\/www.anya-bestebner.at\/logopaedie\/wp-content\/uploads\/2018\/12\/anya-bestebner-fabian-sackl-sw-16a-300x200.jpg 300w, https:\/\/www.anya-bestebner.at\/logopaedie\/wp-content\/uploads\/2018\/12\/anya-bestebner-fabian-sackl-sw-16a-768x513.jpg 768w, https:\/\/www.anya-bestebner.at\/logopaedie\/wp-content\/uploads\/2018\/12\/anya-bestebner-fabian-sackl-sw-16a-1024x684.jpg 1024w, https:\/\/www.anya-bestebner.at\/logopaedie\/wp-content\/uploads\/2018\/12\/anya-bestebner-fabian-sackl-sw-16a-960x641.jpg 960w\" sizes=\"(max-width: 5816px) 100vw, 5816px\" \/>\r\n\t\t\t\t<figcaption class=\"vc_figure-caption\"><\/figcaption>\r\n\t\t\t<\/figure>\r\n\t\t<\/div><\/div><\/div>[\/vc_column][\/vc_row][vc_row fullwidth=&#8221;has-fullwidth-column&#8221; margin_top=&#8221;3%&#8221; margin_bottom=&#8221;3%&#8221; el_id=&#8221;fuer-wen&#8221;][vc_column width=&#8221;1\/4&#8243; css=&#8221;.vc_custom_1480658745764{padding-top: 20px !important;padding-bottom: 20px !important;}&#8221;][\/vc_column][vc_column width=&#8221;1\/2&#8243;][vc_column_text animation=&#8221;1&#8243;]<\/p>\n<h1 style=\"text-align: center;\">Ich behandle Menschen aller Altersgruppen mit folgenden Indikationen:<\/h1>\n<p>[\/vc_column_text][\/vc_column][vc_column width=&#8221;1\/4&#8243;][\/vc_column][\/vc_row][vc_row padding_bottom=&#8221;5%&#8221; el_class=&#8221;what&#8221;][vc_column width=&#8221;1\/2&#8243; css=&#8221;.vc_custom_1480658745764{padding-top: 20px !important;padding-bottom: 20px !important;}&#8221;][vc_column_text animation=&#8221;1&#8243; animation_style=&#8221;slideInUp&#8221;]<\/p>\n<ul>\n<li><strong>Neurologische Sprach-, Sprech- und Stimmst\u00f6rungen:<\/strong><\/li>\n<li><strong>Gesichtsl\u00e4hmungen<\/strong><\/li>\n<li><strong>Sprachentwicklungsverz\u00f6gerung\/ Sprachentwicklungsst\u00f6rung<\/strong><\/li>\n<\/ul>\n<p>[\/vc_column_text][\/vc_column][vc_column width=&#8221;1\/2&#8243;][vc_column_text animation=&#8221;1&#8243; animation_style=&#8221;slideInUp&#8221;]<\/p>\n<ul>\n<li><strong>Mundmotorische Auff\u00e4lligkeiten<\/strong><\/li>\n<li><strong>Redeflussst\u00f6rungen (Stottern, Poltern)<\/strong><\/li>\n<li><strong>Stimmst\u00f6rung (Dysphonie)<\/strong><\/li>\n<li><strong>St\u00f6rungen des Schluckens (Dysphagie)<\/strong><\/li>\n<\/ul>\n<p>[\/vc_column_text][\/vc_column][\/vc_row][vc_row fullwidth=&#8221;has-fullwidth-column-no-padding&#8221; padding_top=&#8221;0&#8243; padding_right=&#8221;3%&#8221; padding_bottom=&#8221;12%&#8221; padding_left=&#8221;3%&#8221;][vc_column width=&#8221;1\/6&#8243;][\/vc_column][vc_column width=&#8221;2\/3&#8243;]<div class=\" agni-button  text-center page-scroll\"><a class=\"btn btn-alt btn-sm btn-primary\" target=\"_self\" href=\"www.anya-bestebner.at\/logopaedie\/therapie\" style=\"border-radius:50px;\" ><div class=\"animate\" data-animation=\"fadeInUp\" data-animation-offset=\"95%\" style=\"animation-duration: 0.8s; \tanimation-delay: 0.4s; \t-moz-animation-duration: 0.8s; \t-moz-animation-delay: 0.4s; \t-webkit-animation-duration: 0.8s; \t-webkit-animation-delay: 0.4s;\">Mehr dazu<\/div><\/a><\/div>[\/vc_column][vc_column width=&#8221;1\/6&#8243;][\/vc_column][\/vc_row][vc_row fullwidth=&#8221;has-fullwidth-column-no-padding&#8221; bg_color=&#8221;#c5ccd1&#8243; padding_top=&#8221;12%&#8221; padding_right=&#8221;3%&#8221; padding_bottom=&#8221;12%&#8221; padding_left=&#8221;3%&#8221;][vc_column width=&#8221;1\/6&#8243;][\/vc_column][vc_column width=&#8221;2\/3&#8243;][vc_column_text animation=&#8221;1&#8243; animation_duration=&#8221;1.2&#8243; el_class=&#8221;zitat&#8221;]<\/p>\n<p class=\"zitat\" style=\"text-align: center;\"><span style=\"color: #ffffff;\"><span class=\"ab-quote\" style=\"font-family: ab-quote;\">\u201e<\/span>Versprechen: Sprechen ohne versprechen.<span class=\"ab-quote\" style=\"font-family: ab-quote;\">\u201d<\/span><\/span><\/p>\n<p>[\/vc_column_text][vc_empty_space height=&#8221;40px&#8221; height_mobile=&#8221;20px&#8221;]<div class=\" agni-button  text-center page-scroll\"><a class=\"btn btn-alt btn-lg btn-primary\" target=\"_self\" href=\"www.anya-bestebner.at\/logopaedie\/therapie\" style=\"border-radius:50px;\" ><div class=\"animate\" data-animation=\"fadeInUp\" data-animation-offset=\"95%\" style=\"animation-duration: 0.8s; \tanimation-delay: 0.4s; \t-moz-animation-duration: 0.8s; \t-moz-animation-delay: 0.4s; \t-webkit-animation-duration: 0.8s; \t-webkit-animation-delay: 0.4s;\">Therapieangebot<\/div><\/a><\/div>[\/vc_column][vc_column width=&#8221;1\/6&#8243;][\/vc_column][\/vc_row]<\/p>\n<\/section>","protected":false},"excerpt":{"rendered":"<p>[vc_row fullwidth=&#8221;has-fullwidth-column&#8221; padding_top=&#8221;10%&#8221; padding_bottom=&#8221;4%&#8221; el_id=&#8221;wieso&#8221;][vc_column width=&#8221;1\/4&#8243; css=&#8221;.vc_custom_1480658745764{padding-top: 20px !important;padding-bottom: 20px !important;}&#8221;][\/vc_column][vc_column width=&#8221;1\/2&#8243;][vc_column_text animation=&#8221;1&#8243;] Logop\u00e4die [\/vc_column_text][\/vc_column][vc_column width=&#8221;1\/4&#8243;][\/vc_column][\/vc_row][vc_row padding_bottom=&#8221;5%&#8221; el_class=&#8221;what&#8221;][vc_column width=&#8221;1\/4&#8243; css=&#8221;.vc_custom_1480658745764{padding-top: 20px !important;padding-bottom: 20px !important;}&#8221;][\/vc_column][vc_column width=&#8221;1\/2&#8243;][vc_column_text animation=&#8221;1&#8243; animation_style=&#8221;slideInUp&#8221;] Sprache beeinflusst das t\u00e4gliche Leben. Eine St\u00f6rung der Stimme kann sowohl durch\u00a0\u00a0starke Belastung als auch durch operative Ein\u00ad\u00ad\u00adgriffe (Schilddr\u00fcsenoperation) eintreten. Auch Stottern oder Verz\u00f6gerungen in der Sprach\u00adentwicklung k\u00f6nnen [&hellip;]<\/p>\n","protected":false},"author":1,"featured_media":0,"parent":0,"menu_order":0,"comment_status":"closed","ping_status":"closed","template":"","meta":{"inline_featured_image":false,"footnotes":""},"_links":{"self":[{"href":"https:\/\/www.anya-bestebner.at\/logopaedie\/wp-json\/wp\/v2\/pages\/1369"}],"collection":[{"href":"https:\/\/www.anya-bestebner.at\/logopaedie\/wp-json\/wp\/v2\/pages"}],"about":[{"href":"https:\/\/www.anya-bestebner.at\/logopaedie\/wp-json\/wp\/v2\/types\/page"}],"author":[{"embeddable":true,"href":"https:\/\/www.anya-bestebner.at\/logopaedie\/wp-json\/wp\/v2\/users\/1"}],"replies":[{"embeddable":true,"href":"https:\/\/www.anya-bestebner.at\/logopaedie\/wp-json\/wp\/v2\/comments?post=1369"}],"version-history":[{"count":24,"href":"https:\/\/www.anya-bestebner.at\/logopaedie\/wp-json\/wp\/v2\/pages\/1369\/revisions"}],"predecessor-version":[{"id":1950,"href":"https:\/\/www.anya-bestebner.at\/logopaedie\/wp-json\/wp\/v2\/pages\/1369\/revisions\/1950"}],"wp:attachment":[{"href":"https:\/\/www.anya-bestebner.at\/logopaedie\/wp-json\/wp\/v2\/media?parent=1369"}],"curies":[{"name":"wp","href":"https:\/\/api.w.org\/{rel}","templated":true}]}}